


{"id":40,"date":"2017-04-12T11:52:54","date_gmt":"2017-04-12T09:52:54","guid":{"rendered":"http:\/\/localhost\/wordpress\/?page_id=40"},"modified":"2018-02-13T03:03:32","modified_gmt":"2018-02-13T02:03:32","slug":"impressum","status":"publish","type":"page","link":"https:\/\/m-terzini.ch\/index.php\/impressum\/","title":{"rendered":"Impressum"},"content":{"rendered":"<h3>Inhaber<\/h3>\n<address>\n<p class=\"leader\">M. Terzini GmbH, Z\u00fcrcherstrasse 105 b, 8102 Oberengstringen<\/p>\n<h3>Made by<\/h3>\n<address>\n<p class=\"leader\">Banovi &amp; Partner GmbH &#8211; design \u00b7 print \u00b7 online<br \/>\nBahnhofstrasse 6, 8952 Schlieren, www.banovi-partner.ch, 044 500 24 22<\/p>\n<\/address>\n<\/address>\n<h3>Urheberrecht<\/h3>\n<p><em>Die durch die Seitenbetreiber erstellten Inhalte und Werke auf diesen Seiten unterliegen dem Urheberrecht. Die Vervielf\u00e4ltigung, Bearbeitung, Verbreitung und jede Art der Verwertung ausserhalb der Grenzen des Urheberrechtes bed\u00fcrfen der schriftlichen Zustimmung des jeweiligen Autors bzw. Erstellers. Downloads und Kopien dieser Seite sind weder f\u00fcr den privaten noch f\u00fcr kommerziellen Gebrauch gestattet. Soweit die Inhalte auf dieser Seite nicht vom Inhaber erstellt wurden, werden die Urheberrechte Dritter beachtet. Sollten Sie trotzdem auf eine Urheberrechtsverletzung aufmerksam werden, bitten wir um einen entsprechenden Hinweis. Bei Bekanntwerden von Rechtsverletzungen werden derartige Inhalte umgehend entfernt.<\/em><\/p>\n<h3>Haftungsausschluss<\/h3>\n<p><em>Die Inhalte auf dieser Webseite wurden mit h\u00f6chstm\u00f6glicher Sorgfalt erstellt. Eine Haftung f\u00fcr fehlerhafte oder unrichtige Informationen ist ausgeschlossen. In keinem Fall haftet der Inhaber Ihnen oder Dritten gegen\u00fcber f\u00fcr irgendwelche direkten, indirekten, speziellen oder sonstigen Folgesch\u00e4den, die sich aus der Nutzung dieser oder einer damit verlinkten Website ergeben. Trotz sorgf\u00e4ltiger inhaltlicher Kontrolle \u00fcbernehmen wir keine Haftung f\u00fcr die Inhalte externer Links. F\u00fcr den Inhalt der verlinkten Seiten sind ausschliesslich deren Anbieter oder Betreiber verantwortlich.<\/em><\/p>\n<h3>Copyright<\/h3>\n<p><em>Die in den Texten eventuell erw\u00e4hnten Markennamen und Warenzeichen sind gesch\u00fctztes Eigentum ihrer Inhaber.<\/em><\/p>\n<h3>Datenschutz<\/h3>\n<p><em>Alle durch ein Kontaktformular an uns \u00fcbermittelten Daten unterliegen den gesetzlichen Regelungen des Datenschutzes.<\/em><\/p>\n","protected":false},"excerpt":{"rendered":"<p>Inhaber M. Terzini GmbH, Z\u00fcrcherstrasse 105 b, 8102 Oberengstringen Made by Banovi &amp; Partner GmbH &#8211; design \u00b7 print \u00b7 online Bahnhofstrasse 6, 8952 Schlieren, www.banovi-partner.ch, 044 500 24 22 Urheberrecht Die durch die Seitenbetreiber erstellten Inhalte und Werke auf diesen Seiten unterliegen dem Urheberrecht. Die Vervielf\u00e4ltigung, Bearbeitung, Verbreitung und jede Art der Verwertung ausserhalb [&hellip;]<\/p>\n","protected":false},"author":1,"featured_media":0,"parent":0,"menu_order":0,"comment_status":"closed","ping_status":"closed","template":"","meta":{"inline_featured_image":false,"footnotes":""},"_links":{"self":[{"href":"https:\/\/m-terzini.ch\/index.php\/wp-json\/wp\/v2\/pages\/40"}],"collection":[{"href":"https:\/\/m-terzini.ch\/index.php\/wp-json\/wp\/v2\/pages"}],"about":[{"href":"https:\/\/m-terzini.ch\/index.php\/wp-json\/wp\/v2\/types\/page"}],"author":[{"embeddable":true,"href":"https:\/\/m-terzini.ch\/index.php\/wp-json\/wp\/v2\/users\/1"}],"replies":[{"embeddable":true,"href":"https:\/\/m-terzini.ch\/index.php\/wp-json\/wp\/v2\/comments?post=40"}],"version-history":[{"count":2,"href":"https:\/\/m-terzini.ch\/index.php\/wp-json\/wp\/v2\/pages\/40\/revisions"}],"predecessor-version":[{"id":111,"href":"https:\/\/m-terzini.ch\/index.php\/wp-json\/wp\/v2\/pages\/40\/revisions\/111"}],"wp:attachment":[{"href":"https:\/\/m-terzini.ch\/index.php\/wp-json\/wp\/v2\/media?parent=40"}],"curies":[{"name":"wp","href":"https:\/\/api.w.org\/{rel}","templated":true}]}}