


{"id":140,"date":"2024-05-10T09:18:16","date_gmt":"2024-05-10T07:18:16","guid":{"rendered":"https:\/\/m-terzini.ch\/?page_id=140"},"modified":"2024-05-10T09:32:32","modified_gmt":"2024-05-10T07:32:32","slug":"datenschutz","status":"publish","type":"page","link":"https:\/\/m-terzini.ch\/index.php\/datenschutz\/","title":{"rendered":"Datenschutz"},"content":{"rendered":"\n<p>Der M. Terzini GmbH ist Datenschutz ausgesprochen wichtig. Wir orientieren uns dabei an der EU-Datenschutzgrundverordnung (DSGVO) sowie dem schweizerischen Bundesgesetz \u00fcber den Datenschutz<\/p>\n\n\n\n<p><strong>Pers\u00f6nliche Daten<\/strong><br>Wenn Sie auf diese Webseite zugreifen werden automatisch Informationen allgemeiner Natur identifiziert. Diese Informationen werden im Server-Logfile erfasst und beinhalten die Art des Webbrowsers, das verwendete Betriebssystem, den Domainnamen Ihres Internet-Service-Providers, Ihre IP-Adresse und \u00e4hnliches.<\/p>\n\n\n\n<p><strong>Der Grund daf\u00fcr ist:<\/strong><\/p>\n\n\n\n<p>Sicherstellung eines problemlosen Verbindungsaufbaus der Webseite<br>Sicherstellung einer reibungslosen Nutzung unserer Webseite<br>Auswertung der Systemsicherheit und -stabilit\u00e4t sowie<br>zu weiteren administrativen Zwecken<br>Ihre Daten werden nicht verwendet, um R\u00fcckschl\u00fcsse auf Ihre Person zu ziehen. Informationen dieser Art werden lediglich statistisch ausgewertet, um unseren Internetauftritt und die dahinterstehende Technik zu optimieren.<\/p>\n\n\n\n<p><strong>Speicherdauer<\/strong><br>Die Daten werden gel\u00f6scht, sobald diese f\u00fcr den Zweck der Erhebung nicht mehr erforderlich sind. Dies ist f\u00fcr die Daten, die der Bereitstellung der Webseite dienen, grunds\u00e4tzlich der Fall, wenn die jeweilige Sitzung beendet ist.<\/p>\n\n\n\n<p><strong>Kontaktformulare<\/strong><br>Die von Ihnen eingegebenen Daten werden zum Zweck der individuellen Kommunikation mit Ihnen gespeichert. Hierf\u00fcr ist die Angabe einer validen E-Mail-Adresse sowie Ihres Namens erforderlich. Diese dient der Zuordnung der Anfrage und der anschlie\u00dfenden Beantwortung derselben. Die Angabe weiterer Daten ist optional.<\/p>\n\n\n\n<p><strong>Cookies<\/strong><br>Wenn Sie unsere Webseite besuchen, werden zus\u00e4tzliche Cookies in Ihrem Browser gespeichert. Diese Cookies enthalten keine personenbezogenen Daten und verweisen nur auf die Session-ID. Die Cookies verfallen nach einem Tag.<\/p>\n\n\n\n<p><strong>Verwendung von Scriptbibliotheken (Google Webfonts)<\/strong><br>Um unsere Inhalte browser\u00fcbergreifend korrekt und grafisch ansprechend darzustellen, verwenden wir auf dieser Webseite \u201eGoogle Web Fonts\u201c der Google LLC (1600 Amphitheatre Parkway, Mountain View, CA 94043, USA; nachfolgend \u201eGoogle\u201c) zur Darstellung von Schriften.<\/p>\n\n\n\n<p>Die Datenschutzrichtlinie des Bibliothekbetreibers Google finden Sie hier: https:\/\/www.google.com\/policies\/privacy\/<\/p>\n\n\n\n<p><strong>Verwendung von Google Maps<\/strong><br>Auf dieser Webseite nutzen wir das Angebot von Google Maps. Google Maps wird von Google LLC, 1600 Amphitheatre Parkway, Mountain View, CA 94043, USA (nachfolgend \u201eGoogle\u201c) betrieben. Dadurch k\u00f6nnen wir Ihnen interaktive Karten direkt in der Webseite anzeigen und erm\u00f6glichen Ihnen die komfortable Nutzung der Karten-Funktion. N\u00e4here Informationen \u00fcber die Datenverarbeitung durch Google k\u00f6nnen Sie\u00a0<a href=\"https:\/\/www.google.com\/privacypolicy.html\">den Google-Datenschutzhinweisen<\/a>\u00a0entnehmen. Dort k\u00f6nnen Sie im Datenschutzcenter auch Ihre pers\u00f6nlichen Datenschutz-Einstellungen ver\u00e4ndern.<\/p>\n\n\n\n<p><strong>Wie lange wir Ihre Daten speichern<\/strong><br>Wenn Sie einen Kommentar schreiben, wird dieser inklusive Metadaten zeitlich unbegrenzt gespeichert. Auf diese Art k\u00f6nnen wir Folgekommentare automatisch erkennen und freigeben, anstelle sie in einer Moderations-Warteschlange festzuhalten.<\/p>\n\n\n\n<p>F\u00fcr Benutzer, die sich auf unserer Webseite registrieren, speichern wir zus\u00e4tzlich die pers\u00f6nlichen Informationen, die sie in ihren Benutzerprofilen angeben. Alle Benutzer k\u00f6nnen jederzeit ihre pers\u00f6nlichen Informationen einsehen, ver\u00e4ndern oder l\u00f6schen (der Benutzername kann nicht ver\u00e4ndert werden). Administratoren der Webseite k\u00f6nnen diese Informationen ebenfalls einsehen und ver\u00e4ndern.<\/p>\n\n\n\n<p><strong>Welche Rechte Sie an Ihren Daten haben<\/strong><br>Wenn Sie ein Konto auf dieser Webseite besitzen oder Kommentare geschrieben haben, k\u00f6nnen Sie einen Export Ihrer personenbezogenen Daten bei uns anfordern, inklusive aller Daten, die Sie uns mitgeteilt haben. Dar\u00fcber hinaus k\u00f6nnen Sie die L\u00f6schung aller personenbezogenen Daten, die wir von Ihnen gespeichert haben, anfordern. Dies umfasst nicht die Daten, die wir aufgrund administrativer, rechtlicher oder sicherheitsrelevanter Notwendigkeiten aufbewahren m\u00fcssen.<\/p>\n\n\n\n<p><strong>Wohin wir Ihre Daten senden<\/strong><br>Besucher-Kommentare k\u00f6nnten von einem automatisierten Dienst zur Spam-Erkennung untersucht werden.<\/p>\n\n\n\n<p><strong>Wie wir Ihre Daten sch\u00fctzen<\/strong><br>SSL-Verschl\u00fcsselung<br>Um die Sicherheit Ihrer Daten bei der \u00dcbertragung zu sch\u00fctzen, verwenden wir dem aktuellen Stand der Technik entsprechende Verschl\u00fcsselungsverfahren (z. B. SSL) \u00fcber HTTPS<\/p>\n\n\n\n<p><strong>\u00c4nderungen<\/strong><br>Wir k\u00f6nnen diese Datenschutzerkl\u00e4rung jederzeit ohne Vorank\u00fcndigung anpassen. Es gilt die jeweils aktuelle, auf unserer Webseite publizierte Fassung.<\/p>\n\n\n\n<p><strong>Fragen an den Datenschutzbeauftragten<\/strong><br>Wenn Sie Fragen zum Datenschutz haben, schreiben Sie uns bitte eine E-Mail an <strong><a href=\"mailto:info@m-terzini.ch\">info@m-terzini.ch<\/a><\/strong> oder wenden sich an folgende Adresse:<\/p>\n\n\n\n<p>M. Terzini GmbH<br>Z\u00fcrcherstrasse 105 b<br>8102 Oberengstringen<\/p>\n\n\n\n<p>Oberengstringen, Mai 2024<\/p>\n","protected":false},"excerpt":{"rendered":"<p>Der M. Terzini GmbH ist Datenschutz ausgesprochen wichtig. Wir orientieren uns dabei an der EU-Datenschutzgrundverordnung (DSGVO) sowie dem schweizerischen Bundesgesetz \u00fcber den Datenschutz Pers\u00f6nliche DatenWenn Sie auf diese Webseite zugreifen werden automatisch Informationen allgemeiner Natur identifiziert. Diese Informationen werden im Server-Logfile erfasst und beinhalten die Art des Webbrowsers, das verwendete Betriebssystem, den Domainnamen Ihres Internet-Service-Providers, [&hellip;]<\/p>\n","protected":false},"author":1,"featured_media":0,"parent":0,"menu_order":0,"comment_status":"closed","ping_status":"closed","template":"","meta":{"inline_featured_image":false,"footnotes":""},"_links":{"self":[{"href":"https:\/\/m-terzini.ch\/index.php\/wp-json\/wp\/v2\/pages\/140"}],"collection":[{"href":"https:\/\/m-terzini.ch\/index.php\/wp-json\/wp\/v2\/pages"}],"about":[{"href":"https:\/\/m-terzini.ch\/index.php\/wp-json\/wp\/v2\/types\/page"}],"author":[{"embeddable":true,"href":"https:\/\/m-terzini.ch\/index.php\/wp-json\/wp\/v2\/users\/1"}],"replies":[{"embeddable":true,"href":"https:\/\/m-terzini.ch\/index.php\/wp-json\/wp\/v2\/comments?post=140"}],"version-history":[{"count":3,"href":"https:\/\/m-terzini.ch\/index.php\/wp-json\/wp\/v2\/pages\/140\/revisions"}],"predecessor-version":[{"id":146,"href":"https:\/\/m-terzini.ch\/index.php\/wp-json\/wp\/v2\/pages\/140\/revisions\/146"}],"wp:attachment":[{"href":"https:\/\/m-terzini.ch\/index.php\/wp-json\/wp\/v2\/media?parent=140"}],"curies":[{"name":"wp","href":"https:\/\/api.w.org\/{rel}","templated":true}]}}